{"id":40,"date":"2014-02-04T18:13:14","date_gmt":"2014-02-04T16:13:14","guid":{"rendered":"http:\/\/riemel-kranverleih.de\/?page_id=40"},"modified":"2023-03-03T10:55:49","modified_gmt":"2023-03-03T08:55:49","slug":"kran","status":"publish","type":"page","link":"https:\/\/riemel-kranverleih.de\/?page_id=40","title":{"rendered":"Kran &#038; Team"},"content":{"rendered":"<p>[rev_slider slider_kran]<\/p>\n<section class=\" background normal top-60 padding-bottom-60\" data-bg=\"http:\/\/riemel-kranverleih.de\/wp-content\/uploads\/2014\/02\/kran_transp_bgr.png\" data-bgcolor=#363636>\n<div class=\"horizontal-icon\">\n    <div class=\"icon\">\n    <i class=\"fa fa-quote-left\"><\/i>\n    <\/div>\n    <\/div><div class=\"title-block light\">\n    <h3 class=\"title-heading\">Gute Wahl<\/h3>\n    <span class=\"line\"><\/span>\n    <span>Gutes Feedback<\/span>\n    <\/div>\n<div class=\"container\">\n<div class=\"flexslider light testimonialslide\">\n<ul class=\"slides\">\n<li>\n<p>Vertrauen Sie uns Ihren Transport an, wie schon viele Handwerker und Privatkunden in den vergangenen Jahren.<\/p>\n<p><span class=\"quoteby\"><strong>Josef Riemel<\/strong> &#8211; Gesch\u00e4ftsf\u00fchrer<\/span><\/li>\n<li>\n<p>Ich habe langj\u00e4hrige Erfahrung als Dachdecker und Kranf\u00fchrer. Auch schwer zug\u00e4ngliches Gel\u00e4nde ist f\u00fcr mich ein Kinderspiel und mit Spezialequipment wie dem Glassauger bringe ich zum Beispiel auch Fenster an ihren Platz. <\/p>\n<p><span class=\"quoteby\"><strong>Roman Ilka<\/strong> &#8211; Kranf\u00fchrer und Gesch\u00e4ftsf\u00fchrer<\/span><\/li>\n<li>\n<p>Seitdem der zweite Kran angeschafft wurde, bin ich st\u00e4ndig im Einsatz. Jeder Auftrag macht Spa\u00df.<\/p>\n<p><span class=\"quoteby\"><strong>Jens Ewers<\/strong> &#8211; Kranf\u00fchrer<\/span><\/li>\n<\/ul>\n<\/div>\n<\/div>\n<\/section>\n<section class=\"animated-area \">\n<div class=\"horizontal-icon\">\n    <div class=\"icon\">\n    <i class=\"fa fa-user\"><\/i>\n    <\/div>\n    <\/div><div class=\"title-block dark\">\n    <h3 class=\"title-heading\">Das Kranf\u00fchrer-Team<\/h3>\n    <span class=\"line\"><\/span>\n    <span>Uns k\u00f6nnen Sie immer vertrauen<\/span>\n    <\/div>\n<div class=\"container\">\n<div class=\"row\">\n<div class=\"col-lg-4 col-md-4   bottom-30-xs bottom-30-sm\">\n<p><div class=\"team\">\n  <div class=\"team-avatar\">\n  <img src=\"http:\/\/riemel-kranverleih.de\/wp-content\/uploads\/2014\/02\/josef_riemel_neu.png\" alt=\"\">\n  <\/div>\n\n  <div class=\"team-info\">\n  <h5>Josef Riemel<\/h5>\n  <span class=\"position\">Gesch\u00e4ftsf\u00fchrer<\/span>\n  <p>Ich bin seit \u00fcber 30 Jahren Dachdecker mit Herz und Seele.<\/p>\n  \n  <\/div>\n  <\/div><br \/>\n<!--facebook=\"#\" twitter=\"#\" googleplus=\"#\" linkedin=\"#\"-->\n<\/div>\n<div class=\"col-lg-4 col-md-4   bottom-30-xs bottom-30-sm\">\n<div class=\"team\">\n  <div class=\"team-avatar\">\n  <img src=\"http:\/\/riemel-kranverleih.de\/wp-content\/uploads\/2014\/02\/roman_ilka_neu.png\" alt=\"\">\n  <\/div>\n\n  <div class=\"team-info\">\n  <h5>Roman Ilka<\/h5>\n  <span class=\"position\">Gesch\u00e4fts- und Kranf\u00fchrer<\/span>\n  <p>Ich freue mich, jetzt mein eigenes Team zu haben und nat\u00fcrlich auf viele Eins\u00e4tze.<\/p>\n  \n  <\/div>\n  <\/div>\n<\/div>\n<div class=\"col-lg-4 col-md-4   bottom-30-xs bottom-30-sm\">\n<div class=\"team\">\n  <div class=\"team-avatar\">\n  <img src=\"http:\/\/riemel-kranverleih.de\/wp-content\/uploads\/2023\/03\/LukaszM.png\" alt=\"\">\n  <\/div>\n\n  <div class=\"team-info\">\n  <h5>Lukasz M.<\/h5>\n  <span class=\"position\">Dachdecker und Kranf\u00fchrer<\/span>\n  <p>\u00a0 <\/p>\n  \n  <\/div>\n  <\/div>\n<\/div>\n<\/div>\n<div class=\"row\">\n<div class=\"col-lg-4 col-md-4   bottom-30-xs bottom-30-sm\">\n<\/div>\n<div class=\"col-lg-4 col-md-4   bottom-30-xs bottom-30-sm\">\n<div class=\"team\">\n  <div class=\"team-avatar\">\n  <img src=\"\" alt=\"\">\n  <\/div>\n\n  <div class=\"team-info\">\n  <h5>Wir suchen dich<\/h5>\n  <span class=\"position\">Dachdecker als Kranf\u00fchrer<\/span>\n  <p>Wir suchen Verst\u00e4rkung. Interessiert? Dann melde dich bei uns! <\/p>\n  \n  <\/div>\n  <\/div>\n<\/div>\n<div class=\"col-lg-4 col-md-4   bottom-30-xs bottom-30-sm\">\n<div class=\"col-lg-4 col-md-4   bottom-30-xs bottom-30-sm\"><\/div>\n<\/div>\n<\/div>\n<\/div>\n<\/section>\n","protected":false},"excerpt":{"rendered":"<p>[rev_slider slider_kran] Vertrauen Sie uns Ihren Transport an, wie schon viele Handwerker und Privatkunden in den vergangenen Jahren. Josef Riemel &#8211; Gesch\u00e4ftsf\u00fchrer Ich habe langj\u00e4hrige Erfahrung als Dachdecker und Kranf\u00fchrer&#8230;.<\/p>\n","protected":false},"author":32584,"featured_media":0,"parent":0,"menu_order":0,"comment_status":"closed","ping_status":"closed","template":"page-fullwidth.php","meta":[],"_links":{"self":[{"href":"https:\/\/riemel-kranverleih.de\/index.php?rest_route=\/wp\/v2\/pages\/40"}],"collection":[{"href":"https:\/\/riemel-kranverleih.de\/index.php?rest_route=\/wp\/v2\/pages"}],"about":[{"href":"https:\/\/riemel-kranverleih.de\/index.php?rest_route=\/wp\/v2\/types\/page"}],"author":[{"embeddable":true,"href":"https:\/\/riemel-kranverleih.de\/index.php?rest_route=\/wp\/v2\/users\/32584"}],"replies":[{"embeddable":true,"href":"https:\/\/riemel-kranverleih.de\/index.php?rest_route=%2Fwp%2Fv2%2Fcomments&post=40"}],"version-history":[{"count":19,"href":"https:\/\/riemel-kranverleih.de\/index.php?rest_route=\/wp\/v2\/pages\/40\/revisions"}],"predecessor-version":[{"id":21841,"href":"https:\/\/riemel-kranverleih.de\/index.php?rest_route=\/wp\/v2\/pages\/40\/revisions\/21841"}],"wp:attachment":[{"href":"https:\/\/riemel-kranverleih.de\/index.php?rest_route=%2Fwp%2Fv2%2Fmedia&parent=40"}],"curies":[{"name":"wp","href":"https:\/\/api.w.org\/{rel}","templated":true}]}}