{"id":23,"date":"2014-02-04T15:07:23","date_gmt":"2014-02-04T13:07:23","guid":{"rendered":"http:\/\/riemel-kranverleih.de\/?page_id=23"},"modified":"2020-01-27T12:20:41","modified_gmt":"2020-01-27T10:20:41","slug":"home","status":"publish","type":"page","link":"https:\/\/riemel-kranverleih.de\/","title":{"rendered":"Home"},"content":{"rendered":"<p>[rev_slider slider_kran]<\/p>\n<h1 style=\"padding-left: 15px;\">Willkommen bei der Riemel Kranverleih GmbH<\/h1>\n<section class=\"animated-area top-30 bottom-30\">\n<div class=\"container\">\n<div class=\"row\">\n<div class=\"col-lg-6 col-md-6   bottom-30-sm bottom-30-xs\">\n<div class=\"animated\" data-animation=\"fadeInUp\" data-animation-delay=\"0.4s\">\n<h4 class=\"heading-block heading-style1 \"><span>Kranverleih aus Profihand.<\/span><\/h4>\n<\/div>\n<div class=\"animated\" data-animation=\"fadeIn\" data-animation-delay=\"0.8s\">\n<div id=\"tab-1314877590\" class=\"tabs clearfix tabs left alternative \"><ul class=\"tabNavigation clearfix\"><li class=\"tab\"><a data-toggle=\"tab\" href=\"#panel11203771441\">Leistungsstark<\/a><\/li>\n<li class=\"tab\"><a data-toggle=\"tab\" href=\"#panel11203771442\">Wenig Aufwand<\/a><\/li>\n<li class=\"tab\"><a data-toggle=\"tab\" href=\"#panel11203771443\">Sparsam<\/a><\/li><\/ul><div class=\"tabs-container\" id=\"panel11203771441\"><p>Unsere Autokrane sind leicht und leistungsstark. Durch die Aufr\u00fcstung diverser Zusatzger\u00e4te werden sie zum Allrounder. <\/p><\/div>\n<div class=\"tabs-container\" id=\"panel11203771442\"><p>Wenig Aufwand und Platz sind n\u00f6tig, um Ihnen durch unsere geschulten Kranf\u00fchrer die optimale L\u00f6sung f\u00fcr Ihr zu transportierendes Gut zu bieten.<\/p><\/div>\n<div class=\"tabs-container\" id=\"panel11203771443\"><p>Auch Reparaturen aller Art k\u00f6nnen im Handumdrehen realisiert werden. Mit Qualit\u00e4t und Zuverl\u00e4ssigkeit zu einem fairen Preis haben Sie mit dem Kranverleih die M\u00f6glichkeit, z. B. hohe Ger\u00fcstkosten und vor allem Zeit zu sparen.<\/p><\/div><\/div><script type=\"text\/javascript\">jQuery(document).ready(function($){jQuery(\"#tab-1314877590 a:first\").tab(\"show\");})<\/script>\n<\/p><\/div>\n<\/div>\n<div class=\"col-lg-6 col-md-6   \">\n<div class=\"animated\" data-animation=\"fadeInUp\" data-animation-delay=\"1.2s\">\n<h4 class=\"heading-block heading-style1 \"><span>Unsere Leistungen<\/span><\/h4>\n<\/div>\n<div class=\"row\">\n<div class=\"col-lg-6 col-md-6   \">\n<div class=\"animated\" data-animation=\"fadeInLeft\" data-animation-delay=\"1.6s\">\n<ul class=\"list-unstyled icon-list normal\">\n<li><i class=\"fa fa-check\"><\/i>Wartungsarbeiten an<\/li>\n<li><i class=\"fa fa-ok\"><\/i>D\u00e4chern und Fassaden<\/li>\n<li><i class=\"fa fa-check\"><\/i>Baumf\u00e4llungen<\/li>\n<li><i class=\"fa fa-check\"><\/i>Baumbeschnitt<\/li>\n<li><i class=\"fa fa-check\"><\/i>vieles mehr<\/li>\n<\/ul>\n<\/div>\n<\/div>\n<div class=\"col-lg-6 col-md-6   \">\n<div class=\"animated\" data-animation=\"fadeInRight\" data-animation-delay=\"2.0s\">\n<ul class=\"list-unstyled icon-list normal\">\n<li><i class=\"fa fa-check\"><\/i>Heben von:<\/li>\n<li><i class=\"fa fa-gear\"><\/i>Glasscheiben &amp; Fenstern<\/li>\n<li><i class=\"fa fa-gear\"><\/i>Baustoffen &amp; Materialien<\/li>\n<li><i class=\"fa fa-gear\"><\/i>Stahlkonstruktionen<\/li>\n<li><i class=\"fa fa-gear\"><\/i>Abbruchmaterial<\/li>\n<li><i class=\"fa fa-gear\"><\/i>Maschinen<\/li>\n<li><i class=\"fa fa-gear\"><\/i>Hallenbaumaterialien<\/li>\n<li><i class=\"fa fa-gear\"><\/i>Zimmereimaterialien<\/li>\n<\/ul>\n<\/div>\n<\/div>\n<\/div>\n<\/div>\n<\/div>\n<\/div>\n<\/section>\n<h5 class=\"bottom-30 gray\">Riemel auf einen Blick<\/h5>\n<div class='video-embed'><iframe src='http:\/\/player.vimeo.com\/video\/235868540?autoplay=&amp;title=0&amp;byline=0&amp;portrait=0' width='100%' height='450' class='iframe'><\/iframe><\/div>\n<section class=\"animated-area  background fixed top-60\" data-bg=\"http:\/\/riemel-kranverleih.de\/wp-content\/uploads\/2013\/11\/company-timeline.png\">\n<div class=\"horizontal-icon\">\n    <div class=\"icon\">\n    <i class=\"fa fa-truck\"><\/i>\n    <\/div>\n    <\/div><div class=\"title-block light\">\n    <h3 class=\"title-heading\">Geschichte<\/h3>\n    <span class=\"line\"><\/span>\n    <span>Entwicklung<\/span>\n    <\/div>\n<div class=\"container\">\n<div class=\"container\">\n<ul class=\"timeline list-unstyled clearfix\">\n<li class=\"year\">2000 bis heute<\/li>\n<li class=\"event animated\" data-animation=\"fadeInLeft\" data-animation-delay=\"0.3s\">\n<h5 class=\"heading\">Hoch hinaus<\/h5>\n<p>Die Riemel Kranverleih GmbH wird gegr\u00fcndet<\/p>\n<p>          <span class=\"event-time\">2013<\/span><br \/>\n          <span class=\"arrow\"><\/span><\/li>\n<li class=\"event animated\" data-animation=\"fadeInRight\" data-animation-delay=\"0.6s\">\n<h5 class=\"heading\">Die GmbH<\/h5>\n<p>Der zweite Kran wird in Betrieb genommen<\/p>\n<p>          <span class=\"event-time\">2012<\/span><br \/>\n          <span class=\"arrow\"><\/span><\/li>\n<p><!-- date=\"16, September 2012\" --><\/p>\n<li class=\"year\">1968 bis 1999<\/li>\n<li class=\"event animated\" data-animation=\"fadeInRight\" data-animation-delay=\"0.9s\">\n<h5 class=\"heading\">Umzug<\/h5>\n<p>Neubau der Firma Riemel Bedachungen in Hoisten<\/p>\n<p>          <span class=\"event-time\">1993<\/span><br \/>\n          <span class=\"arrow\"><\/span><\/li>\n<li class=\"event animated\" data-animation=\"fadeInLeft\" data-animation-delay=\"1.2s\">\n<h5 class=\"heading\">GmbH<\/h5>\n<p>Riemel Bedachungen wird GmbH<\/p>\n<p>          <span class=\"event-time\">1981<\/span><br \/>\n          <span class=\"arrow\"><\/span><\/li>\n<li class=\"event animated\" data-animation=\"fadeInRight\" data-animation-delay=\"1.5s\">\n<h5 class=\"heading\">Gr\u00fcndung<\/h5>\n<p>Die Firma Riemel Bedachungen wird gegr\u00fcndet<\/p>\n<p>          <span class=\"event-time\">1968<\/span><br \/>\n          <span class=\"arrow\"><\/span><\/li>\n<\/ul>\n<\/div>\n<\/div>\n<\/section>\n<section class=\"\">\n<div class=\"callout style1 border text-center top-30 clearfix\">\n<div class=\"inner clearfix\">\n<div class=\"callout-content\">\nDie ganze Riemel-Welt finden Sie hier:<\/p>\n<p><a title=\"Riemel Dachfenster GmbH\" href=\"http:\/\/www.riemel-dachfenster.de\" target=\"_blank\" rel=\"noopener noreferrer\">www.riemel-dachfenster.de<\/a><br \/>\n<a title=\"Riemel Bedachungen GmbH\" href=\"http:\/\/www.riemel.de\" target=\"_blank\" rel=\"noopener noreferrer\">www.riemel.de<\/a><\/p>\n<\/div>\n<\/div>\n<\/div>\n<\/section>\n","protected":false},"excerpt":{"rendered":"<p>[rev_slider slider_kran] Willkommen bei der Riemel Kranverleih GmbH Wartungsarbeiten an D\u00e4chern und Fassaden Baumf\u00e4llungen Baumbeschnitt vieles mehr Heben von: Glasscheiben &amp; Fenstern Baustoffen &amp; Materialien Stahlkonstruktionen Abbruchmaterial Maschinen Hallenbaumaterialien Zimmereimaterialien&#8230;<\/p>\n","protected":false},"author":32584,"featured_media":0,"parent":0,"menu_order":0,"comment_status":"open","ping_status":"closed","template":"page-fullwidth.php","meta":[],"_links":{"self":[{"href":"https:\/\/riemel-kranverleih.de\/index.php?rest_route=\/wp\/v2\/pages\/23"}],"collection":[{"href":"https:\/\/riemel-kranverleih.de\/index.php?rest_route=\/wp\/v2\/pages"}],"about":[{"href":"https:\/\/riemel-kranverleih.de\/index.php?rest_route=\/wp\/v2\/types\/page"}],"author":[{"embeddable":true,"href":"https:\/\/riemel-kranverleih.de\/index.php?rest_route=\/wp\/v2\/users\/32584"}],"replies":[{"embeddable":true,"href":"https:\/\/riemel-kranverleih.de\/index.php?rest_route=%2Fwp%2Fv2%2Fcomments&post=23"}],"version-history":[{"count":61,"href":"https:\/\/riemel-kranverleih.de\/index.php?rest_route=\/wp\/v2\/pages\/23\/revisions"}],"predecessor-version":[{"id":1131,"href":"https:\/\/riemel-kranverleih.de\/index.php?rest_route=\/wp\/v2\/pages\/23\/revisions\/1131"}],"wp:attachment":[{"href":"https:\/\/riemel-kranverleih.de\/index.php?rest_route=%2Fwp%2Fv2%2Fmedia&parent=23"}],"curies":[{"name":"wp","href":"https:\/\/api.w.org\/{rel}","templated":true}]}}